{"id":4700,"date":"2023-01-03T11:22:38","date_gmt":"2023-01-03T10:22:38","guid":{"rendered":"https:\/\/ackondor.si\/?page_id=4700"},"modified":"2023-01-31T06:28:57","modified_gmt":"2023-01-31T06:28:57","slug":"privacy-policy","status":"publish","type":"page","link":"https:\/\/ackondor.si\/en\/privacy-policy\/","title":{"rendered":"Privacy policy"},"content":{"rendered":"\n\t<section class=\"section\" id=\"section_1564900771\">\n\t\t<div class=\"section-bg fill\" >\n\t\t\t<img loading=\"lazy\" decoding=\"async\" width=\"1920\" height=\"518\" src=\"https:\/\/ackondor.si\/wp-content\/uploads\/2023\/01\/Rectangle-6-3.png\" class=\"bg attachment-original size-original\" alt=\"\" \/>\t\t\t\t\t\t\n\t\t\t\n\n\t\t<\/div>\n\n\t\t\n\n\t\t<div class=\"section-content relative\">\n\t\t\t\n\t\t<\/div>\n\n\t\t\n<style>\n#section_1564900771 {\n  padding-top: 30px;\n  padding-bottom: 30px;\n  min-height: 23vh;\n}\n#section_1564900771 .section-bg img {\n  object-position: 15% 50%;\n}\n@media (min-width:550px) {\n  #section_1564900771 {\n    min-height: 33vh;\n  }\n}\n<\/style>\n\t<\/section>\n\t\n<div class=\"row row-collapse row-full-width align-middle\"  id=\"row-1798348942\">\n\n\t<div id=\"col-1778718243\" class=\"col medium-7 small-11 large-4\"  >\n\t\t\t\t<div class=\"col-inner dark\" style=\"background-color:#003b6f;\" >\n\t\t\t\n\t\t\t\n<h1 class=\"uppercase\">Privacy policy<\/h1>\n\t\t<\/div>\n\t\t\t\t\n<style>\n#col-1778718243 > .col-inner {\n  padding: 3rem 30px 3rem 30px;\n  margin: -3rem 0px 0px 0px;\n}\n@media (min-width:550px) {\n  #col-1778718243 > .col-inner {\n    padding: 3rem 3rem 3rem 3rem;\n    margin: -5rem 0px 0px 0px;\n  }\n}\n@media (min-width:850px) {\n  #col-1778718243 > .col-inner {\n    padding: 5rem 6vw 6rem 6vw;\n  }\n}\n<\/style>\n\t<\/div>\n\n\t\n\n\t<div id=\"col-410558625\" class=\"col medium-8 small-12 large-8\"  >\n\t\t\t\t<div class=\"col-inner\"  >\n\t\t\t\n\t\t\t\n\t<div id=\"gap-868362955\" class=\"gap-element clearfix\" style=\"display:block; height:auto;\">\n\t\t\n<style>\n#gap-868362955 {\n  padding-top: 30px;\n}\n<\/style>\n\t<\/div>\n\t\n\t\t<\/div>\n\t\t\t\t\n<style>\n#col-410558625 > .col-inner {\n  padding: 0px 10vw 0px 6vw;\n}\n<\/style>\n\t<\/div>\n\n\t\n<\/div>\n\n\t<section class=\"section pb-0\" id=\"section_2146801154\">\n\t\t<div class=\"section-bg fill\" >\n\t\t\t\t\t\t\t\t\t\n\t\t\t\n\n\t\t<\/div>\n\n\t\t\n\n\t\t<div class=\"section-content relative\">\n\t\t\t\n<div class=\"row align-middle align-center\"  id=\"row-1535407024\">\n\n\t<div id=\"col-1086692128\" class=\"col small-12 large-12\"  >\n\t\t\t\t<div class=\"col-inner\"  >\n\t\t\t\n\t\t\t\n<h2>Spletni pi\u0161kotki<\/h2>\n\t<div id=\"gap-368465577\" class=\"gap-element clearfix\" style=\"display:block; height:auto;\">\n\t\t\n<style>\n#gap-368465577 {\n  padding-top: 30px;\n}\n<\/style>\n\t<\/div>\n\t\n<p>Uporaba pi\u0161kotkov na spletnem mestu: <a href=\"https:\/\/ackondor.si\/\">www.ackondor.si<\/a><\/p>\n<p>Upravljavec spletnega mesta in vseh podatkov povezanih z njim je:<br \/>\nNaziv podjetja: AC Kondor d.o.o.<br \/>\nNaslov: Letali\u0161ka 9, 1000 Ljubljana<br \/>\nElektronski naslov: <a href=\"mailto:info@ac-kondor.si\">info@ac-kondor.si<\/a><br \/>\nKontaktna telefonska \u0161tevilka: <a href=\"tel:00386154211 70\">+386 1 542 11 70<\/a><\/p>\n\t<div id=\"gap-1711597163\" class=\"gap-element clearfix\" style=\"display:block; height:auto;\">\n\t\t\n<style>\n#gap-1711597163 {\n  padding-top: 30px;\n}\n<\/style>\n\t<\/div>\n\t\n<p>Vrste pi\u0161kotkov, njihov namen in \u010das trajanja:<br \/>\nPi\u0161kotki so majhne datoteke, ki jih nalo\u017eimo na va\u0161 ra\u010dunalnik. Pomagajo pri hitrej\u0161em delovanju spletne strani. Spletno mesto uporablja naslednje pi\u0161kotke:<\/p>\n<table>\n<tbody>\n<tr>\n<td>Pi\u0161kotek<\/td>\n<td>Funkcionalnost<\/td>\n<td>Veljavnost<\/td>\n<td>Avtor<\/td>\n<\/tr>\n<tr>\n<td>wp-wpml_current_language<\/td>\n<td>za shranjevanje jezikovnih nastavitev.<\/td>\n<td>1 dan<\/td>\n<td>wpml<\/td>\n<\/tr>\n<tr>\n<td>_ga<\/td>\n<td>za shranjevanje in \u0161tetje ogledov strani.<\/td>\n<td>2 dni<\/td>\n<td>Google Analytics<\/td>\n<\/tr>\n<tr>\n<td>wordpress_test_cookie<\/td>\n<td>da preberete, ali je mogo\u010de namestiti pi\u0161kotke<\/td>\n<td>Funkcionalen<\/td>\n<td>WordPress<\/td>\n<\/tr>\n<tr>\n<td>wp-settings-1<\/td>\n<td>za shranjevanje uporabni\u0161kih nastavitev<\/td>\n<td>Funkcionalen<\/td>\n<td>WordPress<\/td>\n<\/tr>\n<tr>\n<td>wp-settings-time-1<\/td>\n<td>za shranjevanje uporabni\u0161kih nastavitev<\/td>\n<td>Funkcionalen<\/td>\n<td>WordPress<\/td>\n<\/tr>\n<tr>\n<td>cookieyes-consent<\/td>\n<td>za shranjevanje jezikovnih nastavitev.\n<\/td>\n<td>1 leto<\/td>\n<td>CookieYes<\/td>\n<\/tr>\n<\/tbody>\n<\/table>\n\t<div id=\"gap-1945200078\" class=\"gap-element clearfix\" style=\"display:block; height:auto;\">\n\t\t\n<style>\n#gap-1945200078 {\n  padding-top: 30px;\n}\n<\/style>\n\t<\/div>\n\t\n<p>Upravljavec zagotavlja obvestilo brez privolitve, v kolikor uporablja pi\u0161kotke:<\/p>\n<ul>\n<li>ki so potrebni izklju\u010dno zaradi prenosa sporo\u010dila po elektronskem komunikacijskem omre\u017eju;\n<\/li>\n<li>\nki so nujno potrebni za zagotovitev storitve informacijske dru\u017ebe, ki jo naro\u010dnik ali uporabnik izrecno zahtevata.\n<\/li>\n<\/ul>\n\t<div id=\"gap-1979045267\" class=\"gap-element clearfix\" style=\"display:block; height:auto;\">\n\t\t\n<style>\n#gap-1979045267 {\n  padding-top: 30px;\n}\n<\/style>\n\t<\/div>\n\t\n<p>Upravljavec zagotavlja obvestilo s privolitvijo uporabnika v vseh ostalih primerih in uporabnika ustrezno obve\u0161\u010da o mo\u017enostih nastavitev pi\u0161kotkov. Upravljavec brez izrecne privolitve ne uporablja pi\u0161kotkov, ki potrebujejo privolitev uporabnika za namestitev. Upravljavec zagotavlja mo\u017enost naknadne spremembe privolitve uporabnika s tem, da obvestilo ohranja na vidnem mestu na spletni strani.<\/p>\n\t\t<\/div>\n\t\t\t\t\t<\/div>\n\n\t\n<\/div>\n\t\t<\/div>\n\n\t\t\n<style>\n#section_2146801154 {\n  padding-top: 60px;\n  padding-bottom: 60px;\n}\n@media (min-width:550px) {\n  #section_2146801154 {\n    padding-top: 90px;\n    padding-bottom: 90px;\n  }\n}\n<\/style>\n\t<\/section>\n\t\n<div class=\"fixed-icons\">\n<div class=\"icon-button\">\n        <a href=\"tel:00386801918\"><\/p>\n<div class=\"icon\">\n                <img decoding=\"async\" src=\"\/wp-content\/uploads\/2023\/01\/call.svg\">\n            <\/div>\n<div class=\"text-label\">Klic<\/div>\n<p>        <\/a>\n    <\/div>\n<div class=\"icon-button\">\n        <a href=\"mailto:info@ac-kondor.si\"><\/p>\n<div class=\"icon\">\n                <img decoding=\"async\" src=\"\/wp-content\/uploads\/2023\/01\/mail.svg\">\n            <\/div>\n<div class=\"text-label\">Info<\/div>\n<p>        <\/a>\n    <\/div>\n<div class=\"icon-button\">\n        <a target=\"_blank\" href=\"https:\/\/ackondor.si\/nova-vozila\/testna-voznja-prijava\"><\/p>\n<div class=\"icon\">\n                <img decoding=\"async\" src=\"\/wp-content\/uploads\/2023\/01\/test.svg\">\n            <\/div>\n<div class=\"text-label\">Testne vo\u017enje<\/div>\n<p>        <\/a>\n    <\/div>\n<\/div>\n","protected":false},"excerpt":{"rendered":"<p>Klic Info Testne vo\u017enje<\/p>\n","protected":false},"author":1,"featured_media":0,"parent":0,"menu_order":0,"comment_status":"closed","ping_status":"closed","template":"page-blank.php","meta":{"footnotes":""},"class_list":["post-4700","page","type-page","status-publish","hentry"],"_links":{"self":[{"href":"https:\/\/ackondor.si\/en\/wp-json\/wp\/v2\/pages\/4700","targetHints":{"allow":["GET"]}}],"collection":[{"href":"https:\/\/ackondor.si\/en\/wp-json\/wp\/v2\/pages"}],"about":[{"href":"https:\/\/ackondor.si\/en\/wp-json\/wp\/v2\/types\/page"}],"author":[{"embeddable":true,"href":"https:\/\/ackondor.si\/en\/wp-json\/wp\/v2\/users\/1"}],"replies":[{"embeddable":true,"href":"https:\/\/ackondor.si\/en\/wp-json\/wp\/v2\/comments?post=4700"}],"version-history":[{"count":2,"href":"https:\/\/ackondor.si\/en\/wp-json\/wp\/v2\/pages\/4700\/revisions"}],"predecessor-version":[{"id":4702,"href":"https:\/\/ackondor.si\/en\/wp-json\/wp\/v2\/pages\/4700\/revisions\/4702"}],"wp:attachment":[{"href":"https:\/\/ackondor.si\/en\/wp-json\/wp\/v2\/media?parent=4700"}],"curies":[{"name":"wp","href":"https:\/\/api.w.org\/{rel}","templated":true}]}}